{"id":37,"date":"2015-07-14T16:18:33","date_gmt":"2015-07-14T14:18:33","guid":{"rendered":"http:\/\/www.rad-fahren.at\/radanhaenger_wp1\/?page_id=37"},"modified":"2020-09-11T14:56:01","modified_gmt":"2020-09-11T12:56:01","slug":"ansehen_kaufen_abholen_liefern","status":"publish","type":"page","link":"https:\/\/www.rad-fahren.at\/radanhaenger_wp1\/ansehen_kaufen_abholen_liefern\/","title":{"rendered":"ansehen \u00b7 kaufen \u00b7 abholen \u00b7 liefern"},"content":{"rendered":"<h4><span class=\"s22grau\">Anh\u00e4nger ansehen<\/span><\/h4>\n<p>Nach Terminvereinbarung k\u00f6nnen Sie bei uns die Radanh\u00e4nger ansehen und gleich probieren: <a href=\"tel:00436801129415\">0680 112 94 15<\/a>.<br \/>\nWir haben fast immer 15 bis 30 verschiedene Anh\u00e4ngertypen im Haus &#8211; siehe <a href=\"https:\/\/www.rad-fahren.at\/radanhaenger_wp1\/\">Startseite<\/a>.<br \/>\nLeider k\u00f6nnen wir f\u00fcr Sie nicht alle Anh\u00e4nger bei uns lagern.<\/p>\n<h4>Ihre Daten<\/h4>\n<p>Wir ben\u00f6tigen f\u00fcr die Rechnung Ihren Namen und Ihre Adresse.<br \/>\nOptimal ist\u00a0auch Ihre Telefonnummer und E-Mail-Adresse.<\/p>\n<h4><span class=\"s22grau\">Nur \u00dcberweisung \u00b7 keine Barzahlung<\/span><\/h4>\n<p><img loading=\"lazy\" decoding=\"async\" src=\"http:\/\/rad-fahren.at\/Bilder\/b015.jpg\" alt=\"\" width=\"250\" height=\"190\" \/><\/p>\n<p>Wenn Sie sich f\u00fcr einen Anh\u00e4nger entschieden haben, der bei uns vor Ort lagernd ist, k\u00f6nnen Sie ihn gleich mitnehmen.<br \/>\nSie unterzeichnen nur den Lieferschein f\u00fcr die \u00dcbernahme des Produktes. Sie erhalten danach unsere Rechnung per E-Mail (PDF).<br \/>\nWir bitten um sofortige Einzahlung auf unser Konto.<\/p>\n<p>Falls ein Produkt nicht lagernd ist und wir beim Hersteller oder Importeur bestellen m\u00fcssen, bitten wir Sie auf jeden Fall um Vorauszahlung auf unser Konto.<br \/>\nSie erhalten unsere Rechnung per E-Mail. Unsere Bankverbindung finden sie auch auf der Rechnung. Wir senden Ihnen die Rechnung als PDF per Email.<\/p>\n<h4>Zusendung<\/h4>\n<p>Wir betreiben keinen Web-Shop. Bestellen und versenden geht nat\u00fcrlich trotzdem, sogar ins Ausland.<br \/>\nAuf Ihre Anfrage erhalten Sie ein Angebot. Sie bestellen dann per Mail.<br \/>\nDann erhalten Sie die Rechnung per Email (PDF) f\u00fcr Ihre Vorauszahlung.<br \/>\nNach Zahlungseingang oder mit Zahlungsbest\u00e4tigung erhalten Sie das Produkt.<\/p>\n<p>Wenn wir Ihren Anh\u00e4nger an Ihre Wunschadresse zusenden sollen, teilen Sie uns das bitte mit.<br \/>\nEs fallen Versandkosten an. Wir informieren Sie nat\u00fcrlich vorher. Es ist in der Regel viel weniger als man annimmt.<\/p>\n<h4>Lieferzeit<\/h4>\n<p>Bei uns lagernde Anh\u00e4nger werden in der Regel nach 2-5 Werktagen bei Ihnen angeliefert.<br \/>\nWenn wir das Produkt beim Hersteller bestellen m\u00fcssen, kann die Lieferzeit je nach Hersteller und Produkt sehr unterschiedlich sein. Wir teilen Ihnen unsere Erfahrungen bei den Lieferzeiten mit.<\/p>\n<h4><span class=\"s22grau\">Abholung<\/span><\/h4>\n<p><img loading=\"lazy\" decoding=\"async\" src=\"http:\/\/rad-fahren.at\/Bilder\/b018%20-%20Kopie.jpg\" alt=\"\" width=\"250\" height=\"190\" \/><\/p>\n<p>Falls wir vereinbart haben, dass Sie Ihren bestellten Anh\u00e4nger bei uns abholen, informieren wir sie per SMS oder Telefon, wenn er bei uns verf\u00fcgbar ist.<\/p>\n<p>&nbsp;<\/p>\n","protected":false},"excerpt":{"rendered":"<p>Anh\u00e4nger ansehen Nach Terminvereinbarung k\u00f6nnen Sie bei uns die Radanh\u00e4nger ansehen und gleich probieren: 0680 112 94 15. Wir haben fast immer 15 bis 30 verschiedene Anh\u00e4ngertypen im Haus &#8211; siehe Startseite. Leider k\u00f6nnen wir f\u00fcr Sie nicht alle Anh\u00e4nger<\/p>\n","protected":false},"author":1,"featured_media":0,"parent":0,"menu_order":0,"comment_status":"closed","ping_status":"closed","template":"","meta":{"footnotes":""},"class_list":["post-37","page","type-page","status-publish","hentry"],"_links":{"self":[{"href":"https:\/\/www.rad-fahren.at\/radanhaenger_wp1\/wp-json\/wp\/v2\/pages\/37","targetHints":{"allow":["GET"]}}],"collection":[{"href":"https:\/\/www.rad-fahren.at\/radanhaenger_wp1\/wp-json\/wp\/v2\/pages"}],"about":[{"href":"https:\/\/www.rad-fahren.at\/radanhaenger_wp1\/wp-json\/wp\/v2\/types\/page"}],"author":[{"embeddable":true,"href":"https:\/\/www.rad-fahren.at\/radanhaenger_wp1\/wp-json\/wp\/v2\/users\/1"}],"replies":[{"embeddable":true,"href":"https:\/\/www.rad-fahren.at\/radanhaenger_wp1\/wp-json\/wp\/v2\/comments?post=37"}],"version-history":[{"count":26,"href":"https:\/\/www.rad-fahren.at\/radanhaenger_wp1\/wp-json\/wp\/v2\/pages\/37\/revisions"}],"predecessor-version":[{"id":7424,"href":"https:\/\/www.rad-fahren.at\/radanhaenger_wp1\/wp-json\/wp\/v2\/pages\/37\/revisions\/7424"}],"wp:attachment":[{"href":"https:\/\/www.rad-fahren.at\/radanhaenger_wp1\/wp-json\/wp\/v2\/media?parent=37"}],"curies":[{"name":"wp","href":"https:\/\/api.w.org\/{rel}","templated":true}]}}