{"id":6811,"date":"2020-07-18T18:45:03","date_gmt":"2020-07-18T16:45:03","guid":{"rendered":"https:\/\/www.rad-fahren.at\/radanhaenger_wp1\/?page_id=6811"},"modified":"2023-08-25T10:03:45","modified_gmt":"2023-08-25T08:03:45","slug":"rueckstrahler-und-ruecklicht","status":"publish","type":"page","link":"https:\/\/www.rad-fahren.at\/radanhaenger_wp1\/rueckstrahler-und-ruecklicht\/","title":{"rendered":"<h1>R\u00fcckstrahl-Aufkleber f\u00fcr Fahrr\u00e4der und Radanh\u00e4nger <\/h1><h4>vorne | seitlich | hinten <br>nach Vorschrift ECE R 104<\/h4>"},"content":{"rendered":"<h5><a href=\"https:\/\/www.rad-fahren.at\/radanhaenger_wp1\/wp-content\/uploads\/3M-Konturmarkierung-957S-Planenaufbauten.jpg\"><img loading=\"lazy\" decoding=\"async\" class=\"alignright size-medium wp-image-9997\" src=\"https:\/\/www.rad-fahren.at\/radanhaenger_wp1\/wp-content\/uploads\/3M-Konturmarkierung-957S-Planenaufbauten-300x300.jpg\" alt=\"\" width=\"300\" height=\"300\" srcset=\"https:\/\/www.rad-fahren.at\/radanhaenger_wp1\/wp-content\/uploads\/3M-Konturmarkierung-957S-Planenaufbauten-300x300.jpg 300w, https:\/\/www.rad-fahren.at\/radanhaenger_wp1\/wp-content\/uploads\/3M-Konturmarkierung-957S-Planenaufbauten-150x150.jpg 150w, https:\/\/www.rad-fahren.at\/radanhaenger_wp1\/wp-content\/uploads\/3M-Konturmarkierung-957S-Planenaufbauten-768x768.jpg 768w, https:\/\/www.rad-fahren.at\/radanhaenger_wp1\/wp-content\/uploads\/3M-Konturmarkierung-957S-Planenaufbauten-270x270.jpg 270w, https:\/\/www.rad-fahren.at\/radanhaenger_wp1\/wp-content\/uploads\/3M-Konturmarkierung-957S-Planenaufbauten-230x230.jpg 230w, https:\/\/www.rad-fahren.at\/radanhaenger_wp1\/wp-content\/uploads\/3M-Konturmarkierung-957S-Planenaufbauten.jpg 1000w\" sizes=\"auto, (max-width: 300px) 100vw, 300px\" \/><\/a>Sicherheit abends und in der Nacht<br \/>\nf\u00fcr Sie, f\u00fcr Ihre Familie und f\u00fcr Ihren gesamten Freundeskreis:<\/h5>\n<p><span style=\"color: #000000;\">Die meisten Fahrr\u00e4der sind vorne nicht mit einem richtigen R\u00fcckstrahler ausgestattet.<\/span><\/p>\n<p>F\u00fcr den Fall, dass Ihre R\u00fcckstrahler fehlen, verloren gegangen sind oder kleiner als <strong><span style=\"color: #000000;\">20 cm<sup>2<\/sup><\/span><\/strong> sind,<br \/>\nbieten wir Ihnen massiv selbstklebende r\u00fcckstrahlende Reflex-Folien f\u00fcr Fahrr\u00e4der und Radanh\u00e4nger.<br \/>\nDie R\u00fcckstahlwirkung entspricht den <strong>Anforderungen der Vorschrift ECE R 104<\/strong>.<br \/>\n<span style=\"color: #ff0000;\">Achtung:<br \/>\nvermeiden Sie billige Aufkleber, die nicht dieser Vorschrift entsprechen!<\/span><\/p>\n<p>Die Aufkleber sind mindestens 20 cm<sup>2<\/sup> gro\u00df:<br \/>\n51 x 51 mm<br \/>\nFarben:\u00a0 wei\u00df |\u00a0 rot\u00a0 | gelb<br \/>\nDie professionellen Aufkleber widerstehen Schmutz, \u00d6l und Reinigungsmittel. Die sind f\u00fcr Lkw-Planen produziert.<\/p>\n<table>\n<tbody>\n<tr>\n<td colspan=\"2\"><span style=\"font-size: 14pt;\">R\u00fcckstrahler-Bestellung:<\/span><strong><br \/>\n<\/strong><strong>Mail an<\/strong> <a href=\"mailto:zauner@rad-fahren.at?subject=Bestellung\">zauner@rad-fahren.at<\/a><br \/>\nmit Ihrer <strong>Postadresse<\/strong>.<br \/>\nRechnung f\u00fcr Ihre Vorauszahlung kommt per Mail.<br \/>\nMit Zahlungsbest\u00e4tigung oder bei Zahlungseingang gehen Ihre Produkte zum Versand.<\/td>\n<\/tr>\n<tr>\n<td colspan=\"2\">Die Farben k\u00f6nnen gemischt werden.<\/td>\n<\/tr>\n<tr>\n<td>Mindestens 3 St\u00fcck<\/td>\n<td>Preis pro St\u00fcck inkl. Mwst.<\/td>\n<\/tr>\n<tr>\n<td>ab 3 St\u00fcck<\/td>\n<td><strong>3,00 \u20ac<\/strong><\/td>\n<\/tr>\n<tr>\n<td>ab 10 St\u00fcck<\/td>\n<td><strong>2,60 \u20ac<\/strong><\/td>\n<\/tr>\n<tr>\n<td>ab 20 St\u00fcck<\/td>\n<td><strong>2,30 \u20ac<\/strong><\/td>\n<\/tr>\n<tr>\n<td>Versandaufwand<\/td>\n<td style=\"vertical-align: top;\"><strong>3,50 \u20ac \/ Auftrag + Porto<\/strong><\/td>\n<\/tr>\n<tr>\n<td colspan=\"2\">Kauf vor Ort ist nat\u00fcrlich ebenso m\u00f6glich.<\/td>\n<\/tr>\n<\/tbody>\n<\/table>\n<table>\n<tbody>\n<tr>\n<td style=\"vertical-align: top;\"><img loading=\"lazy\" decoding=\"async\" class=\"alignnone wp-image-6771\" src=\"https:\/\/www.rad-fahren.at\/radanhaenger_wp1\/wp-content\/uploads\/Rueckstrahler-weiss-150x134.jpg\" alt=\"\" width=\"100\" height=\"89\" srcset=\"https:\/\/www.rad-fahren.at\/radanhaenger_wp1\/wp-content\/uploads\/Rueckstrahler-weiss-150x134.jpg 150w, https:\/\/www.rad-fahren.at\/radanhaenger_wp1\/wp-content\/uploads\/Rueckstrahler-weiss.jpg 246w\" sizes=\"auto, (max-width: 100px) 100vw, 100px\" \/><\/td>\n<td style=\"vertical-align: top;\">wei\u00dfer Aufkleber f\u00fcr vorne<br \/>\nmindestens 20 cm<sup>2<\/sup><br \/>\n<strong>Fahrrad<\/strong> 1 St\u00fcck<br \/>\n<strong>Radanh\u00e4nger<\/strong> 2 St\u00fcck<br \/>\nvorne links und rechts<\/td>\n<td style=\"vertical-align: top;\"><\/td>\n<\/tr>\n<tr>\n<td style=\"vertical-align: top;\"><img loading=\"lazy\" decoding=\"async\" class=\"alignnone wp-image-6769\" src=\"https:\/\/www.rad-fahren.at\/radanhaenger_wp1\/wp-content\/uploads\/Rueckstrahler-rot-150x134.jpg\" alt=\"\" width=\"100\" height=\"89\" srcset=\"https:\/\/www.rad-fahren.at\/radanhaenger_wp1\/wp-content\/uploads\/Rueckstrahler-rot-150x134.jpg 150w, https:\/\/www.rad-fahren.at\/radanhaenger_wp1\/wp-content\/uploads\/Rueckstrahler-rot.jpg 246w\" sizes=\"auto, (max-width: 100px) 100vw, 100px\" \/><\/td>\n<td style=\"vertical-align: top;\">roter Aufkleber f\u00fcr hinten<br \/>\nmindestens 20 cm<sup>2<\/sup><br \/>\n<strong>Fahrrad<\/strong> 1 St\u00fcck<br \/>\n<strong>Radanh\u00e4nger<\/strong> 2 St\u00fcck<br \/>\nhinten links und rechts<\/td>\n<td style=\"vertical-align: top;\"><\/td>\n<\/tr>\n<tr>\n<td style=\"vertical-align: top;\"><img loading=\"lazy\" decoding=\"async\" class=\"alignnone wp-image-6770\" src=\"https:\/\/www.rad-fahren.at\/radanhaenger_wp1\/wp-content\/uploads\/Rueckstrahler-gelb-150x134.jpg\" alt=\"\" width=\"100\" height=\"89\" srcset=\"https:\/\/www.rad-fahren.at\/radanhaenger_wp1\/wp-content\/uploads\/Rueckstrahler-gelb-150x134.jpg 150w, https:\/\/www.rad-fahren.at\/radanhaenger_wp1\/wp-content\/uploads\/Rueckstrahler-gelb.jpg 246w\" sizes=\"auto, (max-width: 100px) 100vw, 100px\" \/><\/td>\n<td style=\"vertical-align: top;\">gelber Aufkleber f\u00fcr die Seiten<br \/>\nund f\u00fcr die Tretkurbeln am Fahrrad<br \/>\nmindestens 20 cm<sup>2<\/sup><br \/>\n<strong>Fahrrad<\/strong> 2 St\u00fcck<br \/>\n<strong>Radanh\u00e4nger<\/strong> 2 St\u00fcck<br \/>\nseitlich links und rechts<\/td>\n<td style=\"vertical-align: top;\"><\/td>\n<\/tr>\n<\/tbody>\n<\/table>\n<p>Es d\u00fcrfen auch mehr R\u00fcckstrahler pro Fahrzeug sein.<br \/>\nVorne immer wei\u00df. Hinten immer rot. Auf der Seite gelb.<br \/>\nDie R\u00fcckstrahlaufkleber sind auch f\u00fcr Kinderwagen und andere Fahrzeuge nutzbar.<\/p>\n<p><strong>Klebehinweise:<\/strong><br \/>\nReinigen Sie die Klebestelle. Sie muss sauber, fettfrei und trocken sein.<br \/>\nEntfernen Sie die dicke Tr\u00e4gerschicht und kleben Sie die Folie auf ihren gew\u00fcnschten Platz.<br \/>\nKleben Sie in der richtigen Position. Eine nachtr\u00e4gliche Korrektur ich nicht m\u00f6glich.<br \/>\nDr\u00fccken Sie die Folie gut an.<br \/>\nZiehen Sie vorsichtig die Deckfolie ab &#8211; achten Sie darauf, dass sich die Reflexschicht nicht wieder vom Klebeplatz abl\u00f6st &#8211; ggf wieder gut andr\u00fccken.<\/p>\n<p><strong>Weitere seitliche R\u00fcckstrahler, die anerkannt werden:<\/strong><br \/>\n\u2022 &#8222;Katzenaugen&#8220; auf den Speichen der R\u00e4der.<br \/>\n\u2022 Wei\u00dfe R\u00fcckstrahlstreifen auf dem Reifen<br \/>\n\u2022 Speichen-Reflex-Sticks: die strahlende Seitenfl\u00e4che muss 20 cm<sup>2 <\/sup>\u00a0sein.<br \/>\nMeist gen\u00fcgen 8 Sticks pro Rad &#8230; je nach L\u00e4nge.<\/p>\n<p><img loading=\"lazy\" decoding=\"async\" class=\"alignnone size-full wp-image-2345\" src=\"https:\/\/www.rad-fahren.at\/radanhaenger_wp1\/wp-content\/uploads\/2017\/02\/Linie_750x1px_cc0489.gif\" alt=\"\" width=\"750\" height=\"1\" \/><\/p>\n<p>Die <a href=\"https:\/\/www.ris.bka.gv.at\/GeltendeFassung.wxe?Abfrage=Bundesnormen&amp;Gesetzesnummer=20001272\">\u00f6sterreichische Fahrradverordnung<\/a> schreibt folgende Strahler vor:<\/p>\n<h5>Fahrrad<\/h5>\n<ul>\n<li><strong>Fahrrad vorne:<br \/>\n<\/strong>mindestens ein <strong>wei\u00dfer<\/strong>, nach vorne wirkender R\u00fcckstrahler oder R\u00fcckstrahlmaterialien, die den Bestimmungen der ECE-Regelung Nr. R 104 entsprechen<br \/>\nLichteintrittsfl\u00e4che mindestens 20 cm<sup><span class=\"Hoch\">2<\/span><\/sup><\/li>\n<li>der R\u00fcckstrahler darf mit dem Scheinwerfer verbunden sein<\/li>\n<li><strong>Fahrrad hinten:<br \/>\n<\/strong>mindestens ein <strong>roter<\/strong>, nach hinten wirkender\u00a0R\u00fcckstrahler oder R\u00fcckstrahlmaterialien, die den Bestimmungen der ECE-Regelung Nr. R 104 entsprechen<br \/>\nLichteintrittsfl\u00e4che mindestens 20 cm<sup><span class=\"Hoch\">2<\/span><\/sup><\/li>\n<li>der R\u00fcckstrahler darf mit dem R\u00fccklicht verbunden sein<\/li>\n<li><strong>R\u00e4der:<\/strong><br \/>\nReifen, die an den Seiten ringf\u00f6rmig zusammenh\u00e4ngend wei\u00df r\u00fcckstrahlend sind, oder<br \/>\nan jedem Rad mit nach beiden Seiten wirkende R\u00fcckstrahler oder R\u00fcckstrahlmaterialien, die den Bestimmungen der ECE-Regelung Nr. R 104 entsprechen,<br \/>\nmit Lichteintrittsfl\u00e4che von mindestens 20 cm<sup><span class=\"Hoch\">2<\/span><\/sup><\/li>\n<li><strong>Pedale: gelbe<\/strong> R\u00fcckstrahler an den Pedalen vorne und hinten oder gleichwertige Einrichtungen<\/li>\n<\/ul>\n<h5>Radanh\u00e4nger<\/h5>\n<ul>\n<li><strong>vorne<\/strong> ein wei\u00dfer und <strong>hinten<\/strong> ein roter R\u00fcckstrahler<br \/>\nder rote R\u00fcckstrahler darf mit dem R\u00fccklicht verbunden sein<\/li>\n<li>mindestens je ein <strong>gelber<\/strong> R\u00fcckstrahler an den seitlichen Fl\u00e4che &#8211; muss nicht auf dem Rad montiert sein<\/li>\n<li>Radanh\u00e4nger <strong>\u00fcber 60 cm Breite<\/strong> sind <strong>vorne<\/strong> mit zwei wei\u00dfen und <strong>hinten<\/strong> mit zwei roten R\u00fcckstrahlern auszur\u00fcsten<\/li>\n<li>wirksame Fl\u00e4che aller R\u00fcckstrahler: mindestens 20 cm<sup><span class=\"Hoch\">2<\/span><\/sup><\/li>\n<li>alle R\u00fcckstrahler k\u00f6nnen Aufkleber sein, die den Bestimmungen ECE R 104 entsprechen.<\/li>\n<\/ul>\n<p>&nbsp;<\/p>\n<p>&nbsp;<\/p>\n","protected":false},"excerpt":{"rendered":"<p>Sicherheit abends und in der Nacht f\u00fcr Sie, f\u00fcr Ihre Familie und f\u00fcr Ihren gesamten Freundeskreis: Die meisten Fahrr\u00e4der sind vorne nicht mit einem richtigen R\u00fcckstrahler ausgestattet. F\u00fcr den Fall, dass Ihre R\u00fcckstrahler fehlen, verloren gegangen sind oder kleiner als<\/p>\n","protected":false},"author":2,"featured_media":0,"parent":0,"menu_order":0,"comment_status":"closed","ping_status":"closed","template":"","meta":{"footnotes":""},"class_list":["post-6811","page","type-page","status-publish","hentry"],"_links":{"self":[{"href":"https:\/\/www.rad-fahren.at\/radanhaenger_wp1\/wp-json\/wp\/v2\/pages\/6811","targetHints":{"allow":["GET"]}}],"collection":[{"href":"https:\/\/www.rad-fahren.at\/radanhaenger_wp1\/wp-json\/wp\/v2\/pages"}],"about":[{"href":"https:\/\/www.rad-fahren.at\/radanhaenger_wp1\/wp-json\/wp\/v2\/types\/page"}],"author":[{"embeddable":true,"href":"https:\/\/www.rad-fahren.at\/radanhaenger_wp1\/wp-json\/wp\/v2\/users\/2"}],"replies":[{"embeddable":true,"href":"https:\/\/www.rad-fahren.at\/radanhaenger_wp1\/wp-json\/wp\/v2\/comments?post=6811"}],"version-history":[{"count":56,"href":"https:\/\/www.rad-fahren.at\/radanhaenger_wp1\/wp-json\/wp\/v2\/pages\/6811\/revisions"}],"predecessor-version":[{"id":10001,"href":"https:\/\/www.rad-fahren.at\/radanhaenger_wp1\/wp-json\/wp\/v2\/pages\/6811\/revisions\/10001"}],"wp:attachment":[{"href":"https:\/\/www.rad-fahren.at\/radanhaenger_wp1\/wp-json\/wp\/v2\/media?parent=6811"}],"curies":[{"name":"wp","href":"https:\/\/api.w.org\/{rel}","templated":true}]}}