{"id":6840,"date":"2020-07-28T14:46:59","date_gmt":"2020-07-28T12:46:59","guid":{"rendered":"https:\/\/www.rad-fahren.at\/radanhaenger_wp1\/?page_id=6840"},"modified":"2024-10-25T10:31:58","modified_gmt":"2024-10-25T08:31:58","slug":"ruecklicht","status":"publish","type":"page","link":"https:\/\/www.rad-fahren.at\/radanhaenger_wp1\/ruecklicht\/","title":{"rendered":"<h1>R\u00fccklicht <br>f\u00fcr Fahrradanh\u00e4nger &#038; Fahrr\u00e4der\u00a0<\/h1>"},"content":{"rendered":"<p>R\u00fccklichter einfach beim Anh\u00e4ngerkauf mitbestellen oder mitkaufen.<br \/>\nEinzelverkauf ist nat\u00fcrlich auch m\u00f6glich.<\/p>\n<p><span style=\"font-size: 14pt;\">R\u00fccklicht-Bestellung:<br \/>\n<\/span><strong>Mail an<\/strong> <a href=\"mailto:zauner@rad-fahren.at?subject=Bestellung\">zauner@rad-fahren.at<\/a><br \/>\nmit Ihrer <strong>Postadresse<\/strong>.<br \/>\nRechnung f\u00fcr Ihre Vorauszahlung kommt per Mail.<br \/>\nVersandaufwand: <strong>3,50 \u20ac \/ Auftrag + Porto<\/strong><br \/>\nMit Zahlungsbest\u00e4tigung oder bei Zahlungseingang gehen Ihre Produkte zum Versand.<\/p>\n<p><a href=\"https:\/\/www.rad-fahren.at\/radanhaenger_wp1\/wp-content\/uploads\/2017\/02\/Linie_750x1px_cc0489.gif\"><img loading=\"lazy\" decoding=\"async\" class=\"alignnone size-full wp-image-2345\" src=\"https:\/\/www.rad-fahren.at\/radanhaenger_wp1\/wp-content\/uploads\/2017\/02\/Linie_750x1px_cc0489.gif\" alt=\"\" width=\"750\" height=\"1\" \/><\/a><\/p>\n<table style=\"border: 0px width=;\" cellspacing=\"0\" cellpadding=\"10\">\n<tbody>\n<tr>\n<td colspan=\"2\" valign=\"top\" bgcolor=\"#f4f4f4\">\n<h4><a href=\"https:\/\/www.rad-fahren.at\/radanhaenger_wp1\/wp-content\/uploads\/2018\/05\/XLC-R\u00fccklicht-CL-R15-.jpg\"><img loading=\"lazy\" decoding=\"async\" class=\"alignright wp-image-4483\" src=\"https:\/\/www.rad-fahren.at\/radanhaenger_wp1\/wp-content\/uploads\/2018\/05\/XLC-R\u00fccklicht-CL-R15-.jpg\" alt=\"\" width=\"161\" height=\"153\" srcset=\"https:\/\/www.rad-fahren.at\/radanhaenger_wp1\/wp-content\/uploads\/2018\/05\/XLC-R\u00fccklicht-CL-R15-.jpg 235w, https:\/\/www.rad-fahren.at\/radanhaenger_wp1\/wp-content\/uploads\/2018\/05\/XLC-R\u00fccklicht-CL-R15--150x142.jpg 150w\" sizes=\"auto, (max-width: 161px) 100vw, 161px\" \/><\/a><\/h4>\n<h4>Diodenr\u00fccklicht<\/h4>\n<ul>\n<li>geeignet f\u00fcr Fahrr\u00e4der und Radanh\u00e4nger<\/li>\n<li>mit Montageset \u00d8 25 &#8211; 32mm<\/li>\n<li>mit Batterieindikator<\/li>\n<li>Dauerlicht<\/li>\n<li>inklusive 2 AAA Batterien<\/li>\n<li>auch f\u00fcr Deutschland zugelassen<\/li>\n<\/ul>\n<\/td>\n<\/tr>\n<tr>\n<td valign=\"top\" bgcolor=\"#f4f4f4\" width=\"70%\">Jeder Fahrradanh\u00e4nger<br \/>\nmuss ausgestattet sein:<br \/>\nbis 60 cm Breite: mit 1 R\u00fccklicht<br \/>\nab 60 cm Breite: 2 R\u00fccklichter<\/td>\n<td style=\"text-align: right;\" valign=\"top\" bgcolor=\"#f4f4f4\" width=\"30%\"><strong>18,- \u20ac <\/strong>inkl. Mwst.<\/p>\n<p><span style=\"font-size: 12pt;\">Beim Kauf eines Radanh\u00e4ngers:<\/span><br \/>\n<span style=\"font-size: 12pt;\">nur <strong>15,-<\/strong> \/ St\u00fcck<\/span><\/td>\n<\/tr>\n<\/tbody>\n<\/table>\n<p><a href=\"https:\/\/www.rad-fahren.at\/radanhaenger_wp1\/wp-content\/uploads\/2017\/02\/Linie_750x1px_cc0489.gif\"><img loading=\"lazy\" decoding=\"async\" class=\"alignnone size-full wp-image-2345\" src=\"https:\/\/www.rad-fahren.at\/radanhaenger_wp1\/wp-content\/uploads\/2017\/02\/Linie_750x1px_cc0489.gif\" alt=\"\" width=\"750\" height=\"1\" \/><\/a><\/p>\n<table style=\"border: 0px width=;\" cellspacing=\"0\" cellpadding=\"10\">\n<tbody>\n<tr>\n<td colspan=\"2\" valign=\"top\" bgcolor=\"#f4f4f4\">\n<h4><img loading=\"lazy\" decoding=\"async\" class=\"alignright wp-image-9566\" src=\"https:\/\/www.rad-fahren.at\/radanhaenger_wp1\/wp-content\/uploads\/LED-Batterie-Sicherheitsruecklicht-CL-R07-XLC-300x235.jpg\" alt=\"\" width=\"174\" height=\"136\" srcset=\"https:\/\/www.rad-fahren.at\/radanhaenger_wp1\/wp-content\/uploads\/LED-Batterie-Sicherheitsruecklicht-CL-R07-XLC-300x235.jpg 300w, https:\/\/www.rad-fahren.at\/radanhaenger_wp1\/wp-content\/uploads\/LED-Batterie-Sicherheitsruecklicht-CL-R07-XLC-150x117.jpg 150w, https:\/\/www.rad-fahren.at\/radanhaenger_wp1\/wp-content\/uploads\/LED-Batterie-Sicherheitsruecklicht-CL-R07-XLC.jpg 676w\" sizes=\"auto, (max-width: 174px) 100vw, 174px\" \/>Diodenaufstecklicht<\/h4>\n<ul>\n<li>geeignet f\u00fcr Fahrr\u00e4der und Radanh\u00e4nger<\/li>\n<li>ohne Montageset<\/li>\n<li>inklusive 2 AAA Batterien<\/li>\n<li>Dauerlicht oder 2 Blinkvarianten<\/li>\n<li>sehr hell<\/li>\n<\/ul>\n<\/td>\n<\/tr>\n<tr>\n<td valign=\"top\" bgcolor=\"#f4f4f4\" width=\"70%\">Jeder Fahrradanh\u00e4nger<br \/>\nmuss ausgestattet sein:<br \/>\nbis 60 cm Breite: mit 1 R\u00fccklicht<br \/>\nab 60 cm Breite: 2 R\u00fccklichter<\/td>\n<td style=\"text-align: right;\" valign=\"top\" bgcolor=\"#f4f4f4\" width=\"30%\"><strong>18,- \u20ac <\/strong>inkl. Mwst.<\/p>\n<p>Beim Kauf eines Radanh\u00e4ngers:<br \/>\n<span style=\"font-size: 12pt;\">nur <strong>15,-<\/strong> \/ St\u00fcck<\/span><\/td>\n<\/tr>\n<\/tbody>\n<\/table>\n<p><a href=\"https:\/\/www.rad-fahren.at\/radanhaenger_wp1\/wp-content\/uploads\/2017\/02\/Linie_750x1px_cc0489.gif\"><img loading=\"lazy\" decoding=\"async\" class=\"alignnone size-full wp-image-2345\" src=\"https:\/\/www.rad-fahren.at\/radanhaenger_wp1\/wp-content\/uploads\/2017\/02\/Linie_750x1px_cc0489.gif\" alt=\"\" width=\"750\" height=\"1\" \/><\/a><\/p>\n<table style=\"border: 0px width=;\" cellspacing=\"0\" cellpadding=\"10\">\n<tbody>\n<tr>\n<td colspan=\"2\" valign=\"top\" bgcolor=\"#f4f4f4\">\n<h4><a href=\"https:\/\/www.rad-fahren.at\/radanhaenger_wp1\/wp-content\/uploads\/2018\/07\/Thule-R\u00fccklichtmontage.jpg\"><img loading=\"lazy\" decoding=\"async\" class=\"wp-image-4601 alignright\" src=\"https:\/\/www.rad-fahren.at\/radanhaenger_wp1\/wp-content\/uploads\/2018\/07\/Thule-R\u00fccklichtmontage-300x256.jpg\" alt=\"\" width=\"132\" height=\"113\" srcset=\"https:\/\/www.rad-fahren.at\/radanhaenger_wp1\/wp-content\/uploads\/2018\/07\/Thule-R\u00fccklichtmontage-300x256.jpg 300w, https:\/\/www.rad-fahren.at\/radanhaenger_wp1\/wp-content\/uploads\/2018\/07\/Thule-R\u00fccklichtmontage-150x128.jpg 150w, https:\/\/www.rad-fahren.at\/radanhaenger_wp1\/wp-content\/uploads\/2018\/07\/Thule-R\u00fccklichtmontage.jpg 475w\" sizes=\"auto, (max-width: 132px) 100vw, 132px\" \/><\/a><a href=\"https:\/\/www.rad-fahren.at\/radanhaenger_wp1\/wp-content\/uploads\/2018\/07\/Thule-R\u00fccklicht.jpg\"><img loading=\"lazy\" decoding=\"async\" class=\"alignright wp-image-4602\" src=\"https:\/\/www.rad-fahren.at\/radanhaenger_wp1\/wp-content\/uploads\/2018\/07\/Thule-R\u00fccklicht-300x198.jpg\" alt=\"\" width=\"143\" height=\"95\" srcset=\"https:\/\/www.rad-fahren.at\/radanhaenger_wp1\/wp-content\/uploads\/2018\/07\/Thule-R\u00fccklicht-300x198.jpg 300w, https:\/\/www.rad-fahren.at\/radanhaenger_wp1\/wp-content\/uploads\/2018\/07\/Thule-R\u00fccklicht-150x99.jpg 150w, https:\/\/www.rad-fahren.at\/radanhaenger_wp1\/wp-content\/uploads\/2018\/07\/Thule-R\u00fccklicht.jpg 383w\" sizes=\"auto, (max-width: 143px) 100vw, 143px\" \/><\/a>Diodenr\u00fccklicht\u00a0mit<br \/>\nThule Befestigungsclip<\/h4>\n<ul>\n<li>f\u00fcr Thule Kindertransporter<br \/>\nund Thule Fahrrad-Kindersitze<\/li>\n<li>auch f\u00fcr Deuschland zugelassen<\/li>\n<\/ul>\n<\/td>\n<\/tr>\n<tr>\n<td valign=\"top\" bgcolor=\"#f4f4f4\" width=\"70%\">Jeder Fahrradanh\u00e4nger<br \/>\nmuss ausgestattet sein:<br \/>\nbis 60 cm Breite: mit 1 R\u00fccklicht<br \/>\nab 60 cm Breite: 2 R\u00fccklichter<\/td>\n<td style=\"text-align: right;\" valign=\"top\" bgcolor=\"#f4f4f4\" width=\"30%\">20201516<br \/>\n<strong>25,- \u20ac <\/strong>inkl. Mwst.<br \/>\nBeim Kauf eines Radanh\u00e4ngers:<br \/>\n<span style=\"font-size: 12pt;\">nur <strong>22,-<\/strong> \/ St\u00fcck<\/span><\/td>\n<\/tr>\n<\/tbody>\n<\/table>\n<p><a href=\"https:\/\/www.rad-fahren.at\/radanhaenger_wp1\/wp-content\/uploads\/2017\/02\/Linie_750x1px_cc0489.gif\"><img loading=\"lazy\" decoding=\"async\" class=\"alignnone size-full wp-image-2345\" src=\"https:\/\/www.rad-fahren.at\/radanhaenger_wp1\/wp-content\/uploads\/2017\/02\/Linie_750x1px_cc0489.gif\" alt=\"\" width=\"750\" height=\"1\" \/><\/a><\/p>\n<table style=\"border: 0px width=;\" cellspacing=\"0\" cellpadding=\"10\">\n<tbody>\n<tr>\n<td colspan=\"2\" valign=\"top\" bgcolor=\"#f4f4f4\">\n<h4><img loading=\"lazy\" decoding=\"async\" class=\"alignright wp-image-9571\" src=\"https:\/\/www.rad-fahren.at\/radanhaenger_wp1\/wp-content\/uploads\/LED-Ruecklicht-fuer-Andersen-Royal-300x172.jpg\" alt=\"\" width=\"215\" height=\"123\" srcset=\"https:\/\/www.rad-fahren.at\/radanhaenger_wp1\/wp-content\/uploads\/LED-Ruecklicht-fuer-Andersen-Royal-300x172.jpg 300w, https:\/\/www.rad-fahren.at\/radanhaenger_wp1\/wp-content\/uploads\/LED-Ruecklicht-fuer-Andersen-Royal-150x86.jpg 150w, https:\/\/www.rad-fahren.at\/radanhaenger_wp1\/wp-content\/uploads\/LED-Ruecklicht-fuer-Andersen-Royal-768x440.jpg 768w, https:\/\/www.rad-fahren.at\/radanhaenger_wp1\/wp-content\/uploads\/LED-Ruecklicht-fuer-Andersen-Royal.jpg 888w\" sizes=\"auto, (max-width: 215px) 100vw, 215px\" \/><\/h4>\n<h4>Diodenr\u00fccklicht f\u00fcr<br \/>\nAndersen Trolleys<\/h4>\n<ul>\n<li>f\u00fcr Andersen Trolleys<\/li>\n<li>2 AAA Batterien<\/li>\n<\/ul>\n<\/td>\n<\/tr>\n<tr>\n<td valign=\"top\" bgcolor=\"#f4f4f4\" width=\"70%\">Jeder Fahrradanh\u00e4nger<br \/>\nmuss ausgestattet sein:<br \/>\nbis 60 cm Breite: mit 1 R\u00fccklicht<br \/>\nab 60 cm Breite: 2 R\u00fccklichter<\/td>\n<td style=\"text-align: right;\" valign=\"top\" bgcolor=\"#f4f4f4\" width=\"30%\">20201516<br \/>\n<strong>18,- \u20ac <\/strong>inkl. Mwst.<br \/>\nBeim Kauf eines Radanh\u00e4ngers:<br \/>\n<span style=\"font-size: 12pt;\">nur <strong>15,-<\/strong> \/ St\u00fcck<\/span><\/td>\n<\/tr>\n<\/tbody>\n<\/table>\n<p><a href=\"https:\/\/www.rad-fahren.at\/radanhaenger_wp1\/wp-content\/uploads\/2017\/02\/Linie_750x1px_cc0489.gif\"><img loading=\"lazy\" decoding=\"async\" class=\"alignnone size-full wp-image-2345\" src=\"https:\/\/www.rad-fahren.at\/radanhaenger_wp1\/wp-content\/uploads\/2017\/02\/Linie_750x1px_cc0489.gif\" alt=\"\" width=\"750\" height=\"1\" \/><\/a><\/p>\n<p>&nbsp;<\/p>\n","protected":false},"excerpt":{"rendered":"<p>R\u00fccklichter einfach beim Anh\u00e4ngerkauf mitbestellen oder mitkaufen. Einzelverkauf ist nat\u00fcrlich auch m\u00f6glich. R\u00fccklicht-Bestellung: Mail an zauner@rad-fahren.at mit Ihrer Postadresse. Rechnung f\u00fcr Ihre Vorauszahlung kommt per Mail. Versandaufwand: 3,50 \u20ac \/ Auftrag + Porto Mit Zahlungsbest\u00e4tigung oder bei Zahlungseingang gehen Ihre<\/p>\n","protected":false},"author":2,"featured_media":0,"parent":0,"menu_order":0,"comment_status":"closed","ping_status":"closed","template":"","meta":{"footnotes":""},"class_list":["post-6840","page","type-page","status-publish","hentry"],"_links":{"self":[{"href":"https:\/\/www.rad-fahren.at\/radanhaenger_wp1\/wp-json\/wp\/v2\/pages\/6840","targetHints":{"allow":["GET"]}}],"collection":[{"href":"https:\/\/www.rad-fahren.at\/radanhaenger_wp1\/wp-json\/wp\/v2\/pages"}],"about":[{"href":"https:\/\/www.rad-fahren.at\/radanhaenger_wp1\/wp-json\/wp\/v2\/types\/page"}],"author":[{"embeddable":true,"href":"https:\/\/www.rad-fahren.at\/radanhaenger_wp1\/wp-json\/wp\/v2\/users\/2"}],"replies":[{"embeddable":true,"href":"https:\/\/www.rad-fahren.at\/radanhaenger_wp1\/wp-json\/wp\/v2\/comments?post=6840"}],"version-history":[{"count":24,"href":"https:\/\/www.rad-fahren.at\/radanhaenger_wp1\/wp-json\/wp\/v2\/pages\/6840\/revisions"}],"predecessor-version":[{"id":10670,"href":"https:\/\/www.rad-fahren.at\/radanhaenger_wp1\/wp-json\/wp\/v2\/pages\/6840\/revisions\/10670"}],"wp:attachment":[{"href":"https:\/\/www.rad-fahren.at\/radanhaenger_wp1\/wp-json\/wp\/v2\/media?parent=6840"}],"curies":[{"name":"wp","href":"https:\/\/api.w.org\/{rel}","templated":true}]}}