{"id":7968,"date":"2021-02-20T18:27:04","date_gmt":"2021-02-20T17:27:04","guid":{"rendered":"https:\/\/www.rad-fahren.at\/radanhaenger_wp1\/?page_id=7968"},"modified":"2021-02-20T18:27:04","modified_gmt":"2021-02-20T17:27:04","slug":"ruecklichtmontage","status":"publish","type":"page","link":"https:\/\/www.rad-fahren.at\/radanhaenger_wp1\/ruecklichtmontage\/","title":{"rendered":"<h1>R\u00fccklicht-Montage<br>f\u00fcr Selbstbau-Fahrradanh\u00e4nger oder f\u00fcr Nachr\u00fcstung<\/h1>"},"content":{"rendered":"<p>&nbsp;<\/p>\n<table>\n<tbody>\n<tr>\n<td style=\"vertical-align: top;\" bgcolor=\"#f4f4f4\">\n<h4>Montage von Aufsteckr\u00fccklichern<\/h4>\n<p>F\u00fcr den Selbstbau oder f\u00fcr die Nachr\u00fcstung k\u00f6nnte die Lichtmontage so wie hier in den Bildern gezeigt erfolgen:<\/p>\n<p>Material: 2 Aufsteckr\u00fccklichter mit Batterien.<br \/>\nVom Baumarkt: 2 Riegelschlaufen, 4 Schrauben M4, 4 Beilagescheiben, 4 selbstsichernde Muttern.<br \/>\nEs k\u00f6nnen auch Hutmuttern verwendet werden, dann sind noch 4 Sprengringe zur Sicherung sinnvoll.<br \/>\nSchauben in passender L\u00e4nge mit rundem Kopf.<\/p>\n<p><a href=\"https:\/\/www.rad-fahren.at\/radanhaenger_wp1\/wp-content\/uploads\/Ruecklichtmontage-Lastenanhaenger-DSC_0172-MQ.jpg\"><img loading=\"lazy\" decoding=\"async\" class=\"size-medium wp-image-7960 alignleft\" src=\"https:\/\/www.rad-fahren.at\/radanhaenger_wp1\/wp-content\/uploads\/Ruecklichtmontage-Lastenanhaenger-DSC_0172-MQ-300x268.jpg\" alt=\"\" width=\"300\" height=\"268\" srcset=\"https:\/\/www.rad-fahren.at\/radanhaenger_wp1\/wp-content\/uploads\/Ruecklichtmontage-Lastenanhaenger-DSC_0172-MQ-300x268.jpg 300w, https:\/\/www.rad-fahren.at\/radanhaenger_wp1\/wp-content\/uploads\/Ruecklichtmontage-Lastenanhaenger-DSC_0172-MQ-150x134.jpg 150w, https:\/\/www.rad-fahren.at\/radanhaenger_wp1\/wp-content\/uploads\/Ruecklichtmontage-Lastenanhaenger-DSC_0172-MQ-768x687.jpg 768w, https:\/\/www.rad-fahren.at\/radanhaenger_wp1\/wp-content\/uploads\/Ruecklichtmontage-Lastenanhaenger-DSC_0172-MQ.jpg 900w\" sizes=\"auto, (max-width: 300px) 100vw, 300px\" \/><\/a> <a href=\"https:\/\/www.rad-fahren.at\/radanhaenger_wp1\/wp-content\/uploads\/Ruecklichtmontage-Lastenanhaenger-Riegel-Schlaufe-25mm-breit-15-mm-hoch.jpg\"><img loading=\"lazy\" decoding=\"async\" class=\"alignnone size-medium wp-image-7966\" src=\"https:\/\/www.rad-fahren.at\/radanhaenger_wp1\/wp-content\/uploads\/Ruecklichtmontage-Lastenanhaenger-Riegel-Schlaufe-25mm-breit-15-mm-hoch-300x155.jpg\" alt=\"\" width=\"300\" height=\"155\" srcset=\"https:\/\/www.rad-fahren.at\/radanhaenger_wp1\/wp-content\/uploads\/Ruecklichtmontage-Lastenanhaenger-Riegel-Schlaufe-25mm-breit-15-mm-hoch-300x155.jpg 300w, https:\/\/www.rad-fahren.at\/radanhaenger_wp1\/wp-content\/uploads\/Ruecklichtmontage-Lastenanhaenger-Riegel-Schlaufe-25mm-breit-15-mm-hoch-150x78.jpg 150w, https:\/\/www.rad-fahren.at\/radanhaenger_wp1\/wp-content\/uploads\/Ruecklichtmontage-Lastenanhaenger-Riegel-Schlaufe-25mm-breit-15-mm-hoch.jpg 400w\" sizes=\"auto, (max-width: 300px) 100vw, 300px\" \/><\/a><\/p>\n<p>Gr\u00f6\u00dfe der Riegelschlaufen:<br \/>\nA: 25 mm<br \/>\nB: 15 mm<\/td>\n<\/tr>\n<tr>\n<td style=\"vertical-align: top;\" bgcolor=\"#f4f4f4\">\n<h4><a href=\"https:\/\/www.rad-fahren.at\/radanhaenger_wp1\/wp-content\/uploads\/Ruecklichtmontage-Lastenanhaenger-DSC_0009-MQ.jpg\"><img loading=\"lazy\" decoding=\"async\" class=\"alignnone wp-image-7965\" src=\"https:\/\/www.rad-fahren.at\/radanhaenger_wp1\/wp-content\/uploads\/Ruecklichtmontage-Lastenanhaenger-DSC_0009-MQ-300x290.jpg\" alt=\"\" width=\"180\" height=\"174\" srcset=\"https:\/\/www.rad-fahren.at\/radanhaenger_wp1\/wp-content\/uploads\/Ruecklichtmontage-Lastenanhaenger-DSC_0009-MQ-300x290.jpg 300w, https:\/\/www.rad-fahren.at\/radanhaenger_wp1\/wp-content\/uploads\/Ruecklichtmontage-Lastenanhaenger-DSC_0009-MQ-150x145.jpg 150w, https:\/\/www.rad-fahren.at\/radanhaenger_wp1\/wp-content\/uploads\/Ruecklichtmontage-Lastenanhaenger-DSC_0009-MQ-768x742.jpg 768w, https:\/\/www.rad-fahren.at\/radanhaenger_wp1\/wp-content\/uploads\/Ruecklichtmontage-Lastenanhaenger-DSC_0009-MQ.jpg 900w\" sizes=\"auto, (max-width: 180px) 100vw, 180px\" \/><\/a>\u00a0<a href=\"https:\/\/www.rad-fahren.at\/radanhaenger_wp1\/wp-content\/uploads\/Ruecklichtmontage-Lastenanhaenger-DSC_0008-MQ.jpg\"><img loading=\"lazy\" decoding=\"async\" class=\"alignnone wp-image-7964\" src=\"https:\/\/www.rad-fahren.at\/radanhaenger_wp1\/wp-content\/uploads\/Ruecklichtmontage-Lastenanhaenger-DSC_0008-MQ-300x263.jpg\" alt=\"\" width=\"198\" height=\"174\" srcset=\"https:\/\/www.rad-fahren.at\/radanhaenger_wp1\/wp-content\/uploads\/Ruecklichtmontage-Lastenanhaenger-DSC_0008-MQ-300x263.jpg 300w, https:\/\/www.rad-fahren.at\/radanhaenger_wp1\/wp-content\/uploads\/Ruecklichtmontage-Lastenanhaenger-DSC_0008-MQ-150x132.jpg 150w, https:\/\/www.rad-fahren.at\/radanhaenger_wp1\/wp-content\/uploads\/Ruecklichtmontage-Lastenanhaenger-DSC_0008-MQ-768x673.jpg 768w, https:\/\/www.rad-fahren.at\/radanhaenger_wp1\/wp-content\/uploads\/Ruecklichtmontage-Lastenanhaenger-DSC_0008-MQ.jpg 900w\" sizes=\"auto, (max-width: 198px) 100vw, 198px\" \/><\/a>\u00a0<a href=\"https:\/\/www.rad-fahren.at\/radanhaenger_wp1\/wp-content\/uploads\/Ruecklichtmontage-Lastenanhaenger-DSC_0016-MQ.jpg\"><img loading=\"lazy\" decoding=\"async\" class=\"alignnone wp-image-7959\" src=\"https:\/\/www.rad-fahren.at\/radanhaenger_wp1\/wp-content\/uploads\/Ruecklichtmontage-Lastenanhaenger-DSC_0016-MQ-300x227.jpg\" alt=\"\" width=\"230\" height=\"174\" srcset=\"https:\/\/www.rad-fahren.at\/radanhaenger_wp1\/wp-content\/uploads\/Ruecklichtmontage-Lastenanhaenger-DSC_0016-MQ-300x227.jpg 300w, https:\/\/www.rad-fahren.at\/radanhaenger_wp1\/wp-content\/uploads\/Ruecklichtmontage-Lastenanhaenger-DSC_0016-MQ-150x113.jpg 150w, https:\/\/www.rad-fahren.at\/radanhaenger_wp1\/wp-content\/uploads\/Ruecklichtmontage-Lastenanhaenger-DSC_0016-MQ-768x580.jpg 768w, https:\/\/www.rad-fahren.at\/radanhaenger_wp1\/wp-content\/uploads\/Ruecklichtmontage-Lastenanhaenger-DSC_0016-MQ.jpg 900w\" sizes=\"auto, (max-width: 230px) 100vw, 230px\" \/><\/a><\/h4>\n<p><a href=\"https:\/\/www.rad-fahren.at\/radanhaenger_wp1\/wp-content\/uploads\/Ruecklichtmontage-Lastenanhaenger-DSC_0162-MQ.jpg\"><img loading=\"lazy\" decoding=\"async\" class=\"wp-image-7961 alignleft\" src=\"https:\/\/www.rad-fahren.at\/radanhaenger_wp1\/wp-content\/uploads\/Ruecklichtmontage-Lastenanhaenger-DSC_0162-MQ-300x246.jpg\" alt=\"\" width=\"212\" height=\"174\" srcset=\"https:\/\/www.rad-fahren.at\/radanhaenger_wp1\/wp-content\/uploads\/Ruecklichtmontage-Lastenanhaenger-DSC_0162-MQ-300x246.jpg 300w, https:\/\/www.rad-fahren.at\/radanhaenger_wp1\/wp-content\/uploads\/Ruecklichtmontage-Lastenanhaenger-DSC_0162-MQ-150x123.jpg 150w, https:\/\/www.rad-fahren.at\/radanhaenger_wp1\/wp-content\/uploads\/Ruecklichtmontage-Lastenanhaenger-DSC_0162-MQ-768x630.jpg 768w, https:\/\/www.rad-fahren.at\/radanhaenger_wp1\/wp-content\/uploads\/Ruecklichtmontage-Lastenanhaenger-DSC_0162-MQ.jpg 900w\" sizes=\"auto, (max-width: 212px) 100vw, 212px\" \/><\/a> <a href=\"https:\/\/www.rad-fahren.at\/radanhaenger_wp1\/wp-content\/uploads\/Ruecklichtmontage-Lastenanhaenger-DSC_0160-MQ.jpg\"><img loading=\"lazy\" decoding=\"async\" class=\"wp-image-7963 alignleft\" src=\"https:\/\/www.rad-fahren.at\/radanhaenger_wp1\/wp-content\/uploads\/Ruecklichtmontage-Lastenanhaenger-DSC_0160-MQ-300x226.jpg\" alt=\"\" width=\"231\" height=\"174\" srcset=\"https:\/\/www.rad-fahren.at\/radanhaenger_wp1\/wp-content\/uploads\/Ruecklichtmontage-Lastenanhaenger-DSC_0160-MQ-300x226.jpg 300w, https:\/\/www.rad-fahren.at\/radanhaenger_wp1\/wp-content\/uploads\/Ruecklichtmontage-Lastenanhaenger-DSC_0160-MQ-150x113.jpg 150w, https:\/\/www.rad-fahren.at\/radanhaenger_wp1\/wp-content\/uploads\/Ruecklichtmontage-Lastenanhaenger-DSC_0160-MQ-768x579.jpg 768w, https:\/\/www.rad-fahren.at\/radanhaenger_wp1\/wp-content\/uploads\/Ruecklichtmontage-Lastenanhaenger-DSC_0160-MQ.jpg 900w\" sizes=\"auto, (max-width: 231px) 100vw, 231px\" \/><\/a>Die Montage funktioniert auch mit einem 1,5-2\u00a0 cm breiten Kunststoffgurtband.<br \/>\nWichtig: die Enden mit einem Feuerzeug &#8222;verschweissen&#8220;,<br \/>\nauch die L\u00f6cher f\u00fcr die Schrauben &#8222;verschweissen&#8220;.<\/td>\n<\/tr>\n<\/tbody>\n<\/table>\n<p>s<\/p>\n","protected":false},"excerpt":{"rendered":"<p>&nbsp; Montage von Aufsteckr\u00fccklichern F\u00fcr den Selbstbau oder f\u00fcr die Nachr\u00fcstung k\u00f6nnte die Lichtmontage so wie hier in den Bildern gezeigt erfolgen: Material: 2 Aufsteckr\u00fccklichter mit Batterien. Vom Baumarkt: 2 Riegelschlaufen, 4 Schrauben M4, 4 Beilagescheiben, 4 selbstsichernde Muttern. Es<\/p>\n","protected":false},"author":2,"featured_media":0,"parent":0,"menu_order":0,"comment_status":"closed","ping_status":"closed","template":"","meta":{"footnotes":""},"class_list":["post-7968","page","type-page","status-publish","hentry"],"_links":{"self":[{"href":"https:\/\/www.rad-fahren.at\/radanhaenger_wp1\/wp-json\/wp\/v2\/pages\/7968","targetHints":{"allow":["GET"]}}],"collection":[{"href":"https:\/\/www.rad-fahren.at\/radanhaenger_wp1\/wp-json\/wp\/v2\/pages"}],"about":[{"href":"https:\/\/www.rad-fahren.at\/radanhaenger_wp1\/wp-json\/wp\/v2\/types\/page"}],"author":[{"embeddable":true,"href":"https:\/\/www.rad-fahren.at\/radanhaenger_wp1\/wp-json\/wp\/v2\/users\/2"}],"replies":[{"embeddable":true,"href":"https:\/\/www.rad-fahren.at\/radanhaenger_wp1\/wp-json\/wp\/v2\/comments?post=7968"}],"version-history":[{"count":1,"href":"https:\/\/www.rad-fahren.at\/radanhaenger_wp1\/wp-json\/wp\/v2\/pages\/7968\/revisions"}],"predecessor-version":[{"id":7969,"href":"https:\/\/www.rad-fahren.at\/radanhaenger_wp1\/wp-json\/wp\/v2\/pages\/7968\/revisions\/7969"}],"wp:attachment":[{"href":"https:\/\/www.rad-fahren.at\/radanhaenger_wp1\/wp-json\/wp\/v2\/media?parent=7968"}],"curies":[{"name":"wp","href":"https:\/\/api.w.org\/{rel}","templated":true}]}}